{"id":135,"date":"2020-09-08T01:07:22","date_gmt":"2020-09-08T01:07:22","guid":{"rendered":"https:\/\/leandrotarrataca.com.br\/site\/testimonials\/"},"modified":"2023-10-25T11:47:38","modified_gmt":"2023-10-25T11:47:38","slug":"sobre","status":"publish","type":"page","link":"https:\/\/leandrotarrataca.com.br\/site\/sobre\/","title":{"rendered":"Sobre"},"content":{"rendered":"\t\t<div data-elementor-type=\"wp-page\" data-elementor-id=\"135\" class=\"elementor elementor-135\">\n\t\t\t\t\t\t<section class=\"elementor-section elementor-top-section elementor-element elementor-element-9788b12 elementor-section-boxed elementor-section-height-default elementor-section-height-default\" data-id=\"9788b12\" data-element_type=\"section\" data-e-type=\"section\" data-settings=\"{&quot;background_background&quot;:&quot;classic&quot;}\">\n\t\t\t\t\t\t\t<div class=\"elementor-background-overlay\"><\/div>\n\t\t\t\t\t\t\t<div class=\"elementor-container elementor-column-gap-no\">\n\t\t\t\t\t<div class=\"elementor-column elementor-col-100 elementor-top-column elementor-element elementor-element-3e3a108\" data-id=\"3e3a108\" data-element_type=\"column\" data-e-type=\"column\" data-settings=\"{&quot;background_background&quot;:&quot;classic&quot;}\">\n\t\t\t<div class=\"elementor-widget-wrap elementor-element-populated\">\n\t\t\t\t\t\t<div class=\"elementor-element elementor-element-fec56ea elementor-widget elementor-widget-heading\" data-id=\"fec56ea\" data-element_type=\"widget\" data-e-type=\"widget\" data-widget_type=\"heading.default\">\n\t\t\t\t<div class=\"elementor-widget-container\">\n\t\t\t\t\t<h4 class=\"elementor-heading-title elementor-size-default\">Leandro Tarrataca<\/h4>\t\t\t\t<\/div>\n\t\t\t\t<\/div>\n\t\t\t\t<div class=\"elementor-element elementor-element-9d59f1d elementor-widget elementor-widget-image\" data-id=\"9d59f1d\" data-element_type=\"widget\" data-e-type=\"widget\" data-widget_type=\"image.default\">\n\t\t\t\t<div class=\"elementor-widget-container\">\n\t\t\t\t\t\t\t\t\t\t\t\t\t\t\t<img decoding=\"async\" width=\"150\" height=\"150\" data-src=\"https:\/\/leandrotarrataca.com.br\/site\/wp-content\/uploads\/2023\/09\/Design-sem-nome-89-1-150x150.png\" class=\"attachment-thumbnail size-thumbnail wp-image-6054 lazyload\" alt=\"\" data-srcset=\"https:\/\/leandrotarrataca.com.br\/site\/wp-content\/uploads\/2023\/09\/Design-sem-nome-89-1-150x150.png 150w, https:\/\/leandrotarrataca.com.br\/site\/wp-content\/uploads\/2023\/09\/Design-sem-nome-89-1-300x300.png 300w, https:\/\/leandrotarrataca.com.br\/site\/wp-content\/uploads\/2023\/09\/Design-sem-nome-89-1-100x100.png 100w\" data-sizes=\"(max-width: 150px) 100vw, 150px\" src=\"data:image\/svg+xml;base64,PHN2ZyB3aWR0aD0iMSIgaGVpZ2h0PSIxIiB4bWxucz0iaHR0cDovL3d3dy53My5vcmcvMjAwMC9zdmciPjwvc3ZnPg==\" style=\"--smush-placeholder-width: 150px; --smush-placeholder-aspect-ratio: 150\/150;\" \/>\t\t\t\t\t\t\t\t\t\t\t\t\t\t\t<\/div>\n\t\t\t\t<\/div>\n\t\t\t\t<div class=\"elementor-element elementor-element-eb04805 elementor-widget elementor-widget-text-editor\" data-id=\"eb04805\" data-element_type=\"widget\" data-e-type=\"widget\" data-widget_type=\"text-editor.default\">\n\t\t\t\t<div class=\"elementor-widget-container\">\n\t\t\t\t\t\t\t\t\t<p class=\"p1\"><strong><span style=\"vertical-align: inherit;\"><span style=\"vertical-align: inherit;\"><span style=\"vertical-align: inherit;\"><span style=\"vertical-align: inherit;\">Atual<\/span><\/span><\/span><\/span><\/strong><\/p><p class=\"p1\"><span style=\"vertical-align: inherit;\"><span style=\"vertical-align: inherit;\"><span style=\"vertical-align: inherit;\"><span style=\"vertical-align: inherit;\">\u2022Presidente da Igreja B\u00edblica Brasileira de Mogi<\/span><\/span><\/span><\/span><\/p><p class=\"p1\"><span style=\"vertical-align: inherit;\"><span style=\"vertical-align: inherit;\"><span style=\"vertical-align: inherit;\"><span style=\"vertical-align: inherit;\">\u2022Presidente ABECAR (Associa\u00e7\u00e3o Brasileira de Ensino Cultura Assist\u00eancia e Religi\u00e3o)<\/span><\/span><\/span><\/span><\/p><p class=\"p1\"><span style=\"vertical-align: inherit;\"><span style=\"vertical-align: inherit;\"><span style=\"vertical-align: inherit;\"><span style=\"vertical-align: inherit;\">\u2022Diretor-Executivo AVERBI (Associa\u00e7\u00e3o Verdade B\u00edblica)<\/span><\/span><\/span><\/span><\/p><p class=\"p1\"><strong><span style=\"vertical-align: inherit;\"><span style=\"vertical-align: inherit;\"><span style=\"vertical-align: inherit;\"><span style=\"vertical-align: inherit;\">Anterior<\/span><\/span><\/span><\/span><\/strong><\/p><p class=\"p1\"><span style=\"vertical-align: inherit;\"><span style=\"vertical-align: inherit;\"><span style=\"vertical-align: inherit;\"><span style=\"vertical-align: inherit;\">\u2022Conselheiro Acad\u00eamico Calvary Bible College &amp; Theological Seminary<\/span><\/span><\/span><\/span><\/p><p class=\"p1\"><span style=\"vertical-align: inherit;\"><span style=\"vertical-align: inherit;\"><span style=\"vertical-align: inherit;\"><span style=\"vertical-align: inherit;\">\u2022Professor Assistente Calvary Bible College &amp; Theological Seminary<\/span><\/span><\/span><\/span><\/p><p class=\"p1\"><span style=\"vertical-align: inherit;\"><span style=\"vertical-align: inherit;\"><span style=\"vertical-align: inherit;\"><span style=\"vertical-align: inherit;\">\u2022Diretor Nacional de Radiodifus\u00e3o de Boas Novas<\/span><\/span><\/span><\/span><\/p><p class=\"p1\"><strong><span style=\"vertical-align: inherit;\"><span style=\"vertical-align: inherit;\"><span style=\"vertical-align: inherit;\"><span style=\"vertical-align: inherit;\">Forma\u00e7\u00e3o acad\u00eamica<\/span><\/span><\/span><\/span><\/strong><\/p><p class=\"p1\"><span style=\"vertical-align: inherit;\"><span style=\"vertical-align: inherit;\"><span style=\"vertical-align: inherit;\"><span style=\"vertical-align: inherit;\">\u2022Mestre Aconselhamento (FBU)<\/span><\/span><\/span><\/span><\/p><p class=\"p1\"><span style=\"vertical-align: inherit;\"><span style=\"vertical-align: inherit;\"><span style=\"vertical-align: inherit;\"><span style=\"vertical-align: inherit;\">\u2022Mestrado Ci\u00eancias Crist\u00e3s (CTS)<\/span><\/span><\/span><\/span><\/p><p class=\"p1\"><span style=\"vertical-align: inherit;\"><span style=\"vertical-align: inherit;\"><span style=\"vertical-align: inherit;\"><span style=\"vertical-align: inherit;\">\u2022Doutorado Teol\u00f3gico (NTS)<\/span><\/span><\/span><\/span><\/p><p class=\"p1\"><span style=\"vertical-align: inherit;\"><span style=\"vertical-align: inherit;\"><span style=\"vertical-align: inherit;\"><span style=\"vertical-align: inherit;\">Locais<\/span><\/span><\/span><\/span><\/p><p class=\"p1\"><span style=\"vertical-align: inherit;\"><span style=\"vertical-align: inherit;\"><span style=\"vertical-align: inherit;\"><span style=\"vertical-align: inherit;\">https:\/\/www.ibbmogi.com.br<\/span><\/span><\/span><\/span><\/p><p class=\"p1\"><span style=\"vertical-align: inherit;\"><span style=\"vertical-align: inherit;\"><span style=\"vertical-align: inherit;\"><span style=\"vertical-align: inherit;\">www.leandrotarrataca.com.br<\/span><\/span><\/span><\/span><\/p><p class=\"p1\"><span style=\"vertical-align: inherit;\"><span style=\"vertical-align: inherit;\"><span style=\"vertical-align: inherit;\"><span style=\"vertical-align: inherit;\">https:\/\/ftaabecar.org<\/span><\/span><\/span><\/span><\/p><p class=\"p1\"><span style=\"vertical-align: inherit;\"><span style=\"vertical-align: inherit;\"><span style=\"vertical-align: inherit;\"><span style=\"vertical-align: inherit;\">biodados<\/span><\/span><\/span><\/span><\/p><p class=\"p1\"><span style=\"vertical-align: inherit;\"><span style=\"vertical-align: inherit;\"><span style=\"vertical-align: inherit;\"><span style=\"vertical-align: inherit;\">Leandro Tarrataca (nascido em 1972) \u00e9 autor, conferencista, te\u00f3logo com mais de 29 livros publicados, focando principalmente em realiza\u00e7\u00f5es pessoais e desafios da vida do ponto de vista teol\u00f3gico. <\/span><\/span><\/span><span style=\"vertical-align: inherit;\"><span style=\"vertical-align: inherit;\"><span style=\"vertical-align: inherit;\">Alguns de seus t\u00edtulos incluem \u201cFam\u00edlia Projeto de Deus\u201d, \u201cEspiritualidade Aut\u00eantica\u201d, \u201cForjando Vencedores\u201d e \u201cComo Sobreviver \u00e0 Crise Financeira\u201d.<\/span><\/span><\/span><\/span><\/p><p class=\"p1\"><strong><span style=\"vertical-align: inherit;\"><span style=\"vertical-align: inherit;\"><span style=\"vertical-align: inherit;\"><span style=\"vertical-align: inherit;\">Vida pessoal<\/span><\/span><\/span><\/span><\/strong><\/p><p class=\"p1\"><span style=\"vertical-align: inherit;\"><span style=\"vertical-align: inherit;\"><span style=\"vertical-align: inherit;\"><span style=\"vertical-align: inherit;\">Leandro Tarrataca nasceu em Suzano no ano de 1972. Primeiro neto de imigrante portugu\u00eas, ap\u00f3s uma profunda crise familiar que o levou \u00e0 beira do suic\u00eddio aos 14 anos de idade. <\/span><\/span><\/span><span style=\"vertical-align: inherit;\"><span style=\"vertical-align: inherit;\"><span style=\"vertical-align: inherit;\">No meio dessa profunda crise encontrei a f\u00e9, esperan\u00e7a e for\u00e7a para seguir em frente. <\/span><\/span><\/span><span style=\"vertical-align: inherit;\"><span style=\"vertical-align: inherit;\"><span style=\"vertical-align: inherit;\">Seu profundo interesse pela teologia Crist\u00e3 o levou a formar-se em teologia pastoral e posteriormente a concluir seu curso de mestrado e doutorado em teologia. <\/span><\/span><\/span><span style=\"vertical-align: inherit;\"><span style=\"vertical-align: inherit;\"><span style=\"vertical-align: inherit;\">Leandro Tarrataca \u00e9 casado com Julie pai de tr\u00eas filhos e av\u00f4. <\/span><\/span><\/span><span style=\"vertical-align: inherit;\"><span style=\"vertical-align: inherit;\"><span style=\"vertical-align: inherit;\">Atualmente reside em Mogi das Cruzes, S\u00e3o Paulo.<\/span><\/span><\/span><\/span><\/p><p class=\"p1\"><strong><span style=\"vertical-align: inherit;\"><span style=\"vertical-align: inherit;\"><span style=\"vertical-align: inherit;\"><span style=\"vertical-align: inherit;\">Carreira<\/span><\/span><\/span><\/span><\/strong><\/p><p class=\"p1\"><span style=\"vertical-align: inherit;\"><span style=\"vertical-align: inherit;\"><span style=\"vertical-align: inherit;\"><span style=\"vertical-align: inherit;\">H\u00e1 30 anos Leandro Tarrataca tem ensinado teologia, realizou confer\u00eancias e joias entusi\u00e1sticas no Brasil e exterior. <\/span><\/span><\/span><span style=\"vertical-align: inherit;\"><span style=\"vertical-align: inherit;\"><span style=\"vertical-align: inherit;\">Ap\u00f3s 10 anos exercendo o pastorado de compras locais, passou a dedicar-se tamb\u00e9m \u00e0 produ\u00e7\u00e3o de textos, programas de r\u00e1dio e televis\u00e3o. <\/span><\/span><\/span><span style=\"vertical-align: inherit;\"><span style=\"vertical-align: inherit;\"><span style=\"vertical-align: inherit;\">Tarrataca \u00e9 um l\u00edder de networking internacional desde a \u00c1sia, Am\u00e9rica Latina, EUA, Canad\u00e1, Europa e \u00c1frica.<\/span><\/span><\/span><\/span><\/p><p class=\"p1\"><span style=\"vertical-align: inherit;\"><span style=\"vertical-align: inherit;\"><span style=\"vertical-align: inherit;\"><span style=\"vertical-align: inherit;\">Todos os anos suas palestras s\u00e3o ouvidas em lojas, empresas, associa\u00e7\u00f5es, escolas entre outros segmentos como por exemplo, a pol\u00edcia militar.<\/span><\/span><\/span><\/span><\/p><p class=\"p1\"><strong><span style=\"vertical-align: inherit;\"><span style=\"vertical-align: inherit;\"><span style=\"vertical-align: inherit;\"><span style=\"vertical-align: inherit;\">Hobbies<\/span><\/span><\/span><\/span><\/strong><\/p><p class=\"p1\"><span style=\"vertical-align: inherit;\"><span style=\"vertical-align: inherit;\"><span style=\"vertical-align: inherit;\"><span style=\"vertical-align: inherit;\">\u2022Viol\u00e3o<\/span><\/span><\/span><\/span><\/p><p class=\"p1\"><span style=\"vertical-align: inherit;\"><span style=\"vertical-align: inherit;\"><span style=\"vertical-align: inherit;\"><span style=\"vertical-align: inherit;\">\u2022Monitorando<\/span><\/span><\/span><\/span><\/p><p class=\"p1\"><span style=\"vertical-align: inherit;\"><span style=\"vertical-align: inherit;\"><span style=\"vertical-align: inherit;\"><span style=\"vertical-align: inherit;\">\u2022esporte<\/span><\/span><\/span><\/span><\/p><p class=\"p1\"><span style=\"vertical-align: inherit;\"><span style=\"vertical-align: inherit;\"><span style=\"vertical-align: inherit;\"><span style=\"vertical-align: inherit;\">\u2022arte marcial<\/span><\/span><\/span><\/span><\/p>\t\t\t\t\t\t\t\t<\/div>\n\t\t\t\t<\/div>\n\t\t\t\t\t<\/div>\n\t\t<\/div>\n\t\t\t\t\t<\/div>\n\t\t<\/section>\n\t\t\t\t<\/div>\n\t\t","protected":false},"excerpt":{"rendered":"<p>Leandro Tarrataca Atual \u2022Presidente da Igreja B\u00edblica Brasileira de Mogi \u2022Presidente ABECAR (Associa\u00e7\u00e3o Brasileira de Ensino Cultura Assist\u00eancia e Religi\u00e3o) \u2022Diretor-Executivo AVERBI (Associa\u00e7\u00e3o Verdade B\u00edblica) Anterior \u2022Conselheiro Acad\u00eamico Calvary Bible College &amp; Theological Seminary \u2022Professor Assistente Calvary Bible College &amp; Theological Seminary \u2022Diretor Nacional de Radiodifus\u00e3o de Boas Novas Forma\u00e7\u00e3o acad\u00eamica \u2022Mestre Aconselhamento (FBU) \u2022Mestrado [&hellip;]<\/p>\n","protected":false},"author":1,"featured_media":0,"parent":0,"menu_order":0,"comment_status":"closed","ping_status":"closed","template":"","meta":{"site-sidebar-layout":"no-sidebar","site-content-layout":"page-builder","ast-site-content-layout":"default","site-content-style":"default","site-sidebar-style":"default","ast-global-header-display":"","ast-banner-title-visibility":"","ast-main-header-display":"","ast-hfb-above-header-display":"","ast-hfb-below-header-display":"","ast-hfb-mobile-header-display":"","site-post-title":"disabled","ast-breadcrumbs-content":"","ast-featured-img":"disabled","footer-sml-layout":"","theme-transparent-header-meta":"enabled","adv-header-id-meta":"","stick-header-meta":"","header-above-stick-meta":"","header-main-stick-meta":"","header-below-stick-meta":"","astra-migrate-meta-layouts":"default","ast-page-background-enabled":"default","ast-page-background-meta":{"desktop":{"background-color":"","background-image":"","background-repeat":"repeat","background-position":"center center","background-size":"auto","background-attachment":"scroll","background-type":"","background-media":"","overlay-type":"","overlay-color":"","overlay-opacity":"","overlay-gradient":""},"tablet":{"background-color":"","background-image":"","background-repeat":"repeat","background-position":"center center","background-size":"auto","background-attachment":"scroll","background-type":"","background-media":"","overlay-type":"","overlay-color":"","overlay-opacity":"","overlay-gradient":""},"mobile":{"background-color":"","background-image":"","background-repeat":"repeat","background-position":"center center","background-size":"auto","background-attachment":"scroll","background-type":"","background-media":"","overlay-type":"","overlay-color":"","overlay-opacity":"","overlay-gradient":""}},"ast-content-background-meta":{"desktop":{"background-color":"var(--ast-global-color-5)","background-image":"","background-repeat":"repeat","background-position":"center center","background-size":"auto","background-attachment":"scroll","background-type":"","background-media":"","overlay-type":"","overlay-color":"","overlay-opacity":"","overlay-gradient":""},"tablet":{"background-color":"var(--ast-global-color-5)","background-image":"","background-repeat":"repeat","background-position":"center center","background-size":"auto","background-attachment":"scroll","background-type":"","background-media":"","overlay-type":"","overlay-color":"","overlay-opacity":"","overlay-gradient":""},"mobile":{"background-color":"var(--ast-global-color-5)","background-image":"","background-repeat":"repeat","background-position":"center center","background-size":"auto","background-attachment":"scroll","background-type":"","background-media":"","overlay-type":"","overlay-color":"","overlay-opacity":"","overlay-gradient":""}},"footnotes":""},"class_list":["post-135","page","type-page","status-publish","hentry"],"_links":{"self":[{"href":"https:\/\/leandrotarrataca.com.br\/site\/wp-json\/wp\/v2\/pages\/135","targetHints":{"allow":["GET"]}}],"collection":[{"href":"https:\/\/leandrotarrataca.com.br\/site\/wp-json\/wp\/v2\/pages"}],"about":[{"href":"https:\/\/leandrotarrataca.com.br\/site\/wp-json\/wp\/v2\/types\/page"}],"author":[{"embeddable":true,"href":"https:\/\/leandrotarrataca.com.br\/site\/wp-json\/wp\/v2\/users\/1"}],"replies":[{"embeddable":true,"href":"https:\/\/leandrotarrataca.com.br\/site\/wp-json\/wp\/v2\/comments?post=135"}],"version-history":[{"count":41,"href":"https:\/\/leandrotarrataca.com.br\/site\/wp-json\/wp\/v2\/pages\/135\/revisions"}],"predecessor-version":[{"id":7701,"href":"https:\/\/leandrotarrataca.com.br\/site\/wp-json\/wp\/v2\/pages\/135\/revisions\/7701"}],"wp:attachment":[{"href":"https:\/\/leandrotarrataca.com.br\/site\/wp-json\/wp\/v2\/media?parent=135"}],"curies":[{"name":"wp","href":"https:\/\/api.w.org\/{rel}","templated":true}]}}